{"id":19,"date":"2025-04-04T18:02:17","date_gmt":"2025-04-04T23:02:17","guid":{"rendered":"https:\/\/titiperu.com\/?page_id=19"},"modified":"2026-04-01T23:06:44","modified_gmt":"2026-04-02T04:06:44","slug":"home","status":"publish","type":"page","link":"https:\/\/titiperu.com\/en\/","title":{"rendered":"Home"},"content":{"rendered":"<div class=\"wp-block-uagb-container uagb-block-80f8b66e alignfull uagb-is-root-container\"><div class=\"uagb-container-inner-blocks-wrap\">\n<div class=\"wp-block-uagb-info-box uagb-block-ea1e98f0 uagb-infobox__content-wrap  uagb-infobox-icon-above-title uagb-infobox-image-valign-top\"><div class=\"uagb-ifb-content\"><div class=\"uagb-ifb-icon-wrap\"><svg xmlns=\"https:\/\/www.w3.org\/2000\/svg\" viewbox=\"0 0 512 512\"><path d=\"M0 256C0 114.6 114.6 0 256 0C397.4 0 512 114.6 512 256C512 397.4 397.4 512 256 512C114.6 512 0 397.4 0 256zM371.8 211.8C382.7 200.9 382.7 183.1 371.8 172.2C360.9 161.3 343.1 161.3 332.2 172.2L224 280.4L179.8 236.2C168.9 225.3 151.1 225.3 140.2 236.2C129.3 247.1 129.3 264.9 140.2 275.8L204.2 339.8C215.1 350.7 232.9 350.7 243.8 339.8L371.8 211.8z\"><\/path><\/svg><\/div><div class=\"uagb-ifb-title-wrap\"><h3 class=\"uagb-ifb-title-prefix\">Vive el Titicaca como<\/h3><div class=\"uagb-ifb-separator\"><\/div><h1 class=\"uagb-ifb-title\">Nunca Antes<gwmw style=\"display:none;\"><gwmw style=\"display:none;\"><\/gwmw><\/gwmw><\/h1><\/div><div class=\"uagb-ifb-button-wrapper wp-block-button\"><a href=\"https:\/\/api.whatsapp.com\/send\/?phone=51930544159&amp;text=Hola%2C+deseo+contratar+un+tour+a+las+islas+flotantes+de+los+Uros.+%C2%BFPodr%C3%ADas+darme+m%C3%A1s+informaci%C3%B3n%2C+por+favor%3F&amp;type=phone_number&amp;app_absent=0\" class=\"uagb-infobox-cta-link wp-block-button__link\" target=\"_blank\" rel=\"noopener noreferrer\" onclick=\"return true;\"><span class=\"uagb-inline-editing\">\ud83d\udcde Reservar por WhatsApp<\/span><\/a><\/div><\/div><\/div>\n<\/div><\/div>\n\n\n\n<div class=\"wp-block-uagb-container uagb-layout-grid uagb-block-6f3d1c23 alignfull uagb-is-root-container\"><div class=\"uagb-container-inner-blocks-wrap\">\n<div class=\"wp-block-uagb-image alignleft uagb-block-30761a03 wp-block-uagb-image--layout-default wp-block-uagb-image--effect-static wp-block-uagb-image--align-left\"><figure class=\"wp-block-uagb-image__figure\"><img decoding=\"async\" srcset=\"https:\/\/titiperu.com\/wp-content\/uploads\/2025\/04\/quote-1.png ,https:\/\/titiperu.com\/wp-content\/uploads\/2025\/04\/quote-1.png 780w\" sizes=\"auto, (max-width: 480px) 150px\" src=\"https:\/\/titiperu.com\/wp-content\/uploads\/2025\/04\/quote-1.png\" alt=\"\" class=\"uag-image-322\" width=\"94\" height=\"72\" title=\"\" loading=\"lazy\" role=\"img\"\/><\/figure><\/div>\n\n\n\n<div class=\"wp-block-uagb-testimonial uagb-slick-carousel uagb-tm__arrow-outside uagb-block-88e7a9cd uagb-post__carousel_notset uagb-post__carousel_notset-tablet uagb-post__carousel_notset-mobile\"><div class=\"is-carousel uagb-tm__columns-1 uagb-tm__items\"><div class=\"uagb-testimonial__wrap  uagb-tm__imgicon-style-circle uagb-tm__image-position-bottom uagb-tm__bg-type-none\"><div class=\"uagb-tm__content\"><div class=\"uagb-tm__overlay\"><\/div><div class=\"uagb-tm__text-wrap\"><div class=\"uagb-tm__desc\">\u201cTodo fue perfecto. Puntuales, c\u00e1lidos, y el lago\u2026 incre\u00edble.\u201d<\/div><div class=\"uagb-tm__meta-inner\"><div class=\"uagb-testimonial-details\"><span class=\"uagb-tm__author-name\">\u2014 Diego R., Argentina<\/span><span class=\"uagb-tm__company\">Company Name<\/span><\/div><\/div><\/div><\/div><\/div><\/div><\/div>\n<\/div><\/div>\n\n\n\n<div class=\"wp-block-uagb-container uagb-block-4e5b41fa alignfull uagb-is-root-container\"><div class=\"uagb-container-inner-blocks-wrap\">\n<div class=\"wp-block-uagb-advanced-heading uagb-block-ed3416f6\"><h2 class=\"uagb-heading-text\">TOURS DESTACADOS<\/h2><div class=\"uagb-separator\"><\/div><\/div>\n\n\n\n<div class=\"wp-block-uagb-container uagb-block-0c24c3bb\">\n<div class=\"wp-block-uagb-container uagb-block-2f95617e\">\n<div class=\"wp-block-uagb-image aligncenter uagb-block-399e16d2 wp-block-uagb-image--layout-default wp-block-uagb-image--effect-static wp-block-uagb-image--align-center\"><figure class=\"wp-block-uagb-image__figure\"><img decoding=\"async\" srcset=\"https:\/\/titiperu.com\/wp-content\/uploads\/2025\/04\/Ai-gente-1024x683.png ,https:\/\/titiperu.com\/wp-content\/uploads\/2025\/04\/Ai-gente.png 780w, https:\/\/titiperu.com\/wp-content\/uploads\/2025\/04\/Ai-gente.png 360w\" sizes=\"auto, (max-width: 480px) 150px\" src=\"https:\/\/titiperu.com\/wp-content\/uploads\/2025\/04\/Ai-gente-1024x683.png\" alt=\"\" class=\"uag-image-139\" width=\"475\" height=\"297\" title=\"Ai gente\" loading=\"lazy\" role=\"img\"\/><\/figure><\/div>\n\n\n\n<div class=\"wp-block-uagb-info-box uagb-block-2935a13f uagb-infobox__content-wrap  uagb-infobox-icon-above-title uagb-infobox-image-valign-top\"><div class=\"uagb-ifb-content\"><div class=\"uagb-ifb-title-wrap\"><h5 class=\"uagb-ifb-title\">Uros + Taquile \u2013 Full Day<\/h5><\/div><p class=\"uagb-ifb-desc\">Navega entre las islas flotantes y conoce los secretos textiles de Taquile.<\/p><div class=\"uagb-ifb-button-wrapper wp-block-button\"><a href=\"https:\/\/titiperu.com\/en\/uros-taquile-full-day\/\" class=\"uagb-infobox-cta-link wp-block-button__link\" target=\"_self\" rel=\"noopener noreferrer\" onclick=\"return true;\"><span class=\"uagb-inline-editing\">Ver Tour<\/span><svg xmlns=\"https:\/\/www.w3.org\/2000\/svg\" viewbox=\"0 0 512 512\"><path d=\"M504.3 273.6l-112.1 104c-6.992 6.484-17.18 8.218-25.94 4.406c-8.758-3.812-14.42-12.45-14.42-21.1L351.9 288H32C14.33 288 .0002 273.7 .0002 255.1S14.33 224 32 224h319.9l0-72c0-9.547 5.66-18.19 14.42-22c8.754-3.809 18.95-2.075 25.94 4.41l112.1 104C514.6 247.9 514.6 264.1 504.3 273.6z\"><\/path><\/svg><\/a><\/div><\/div><\/div>\n<\/div>\n\n\n\n<div class=\"wp-block-uagb-container uagb-block-65b8b623\">\n<div class=\"wp-block-uagb-image aligncenter uagb-block-3235bff2 wp-block-uagb-image--layout-default wp-block-uagb-image--effect-static wp-block-uagb-image--align-center\"><figure class=\"wp-block-uagb-image__figure\"><img decoding=\"async\" srcset=\"https:\/\/titiperu.com\/wp-content\/uploads\/2025\/04\/Ai-gente-01.png ,https:\/\/titiperu.com\/wp-content\/uploads\/2025\/04\/Ai-gente-01.png 780w, https:\/\/titiperu.com\/wp-content\/uploads\/2025\/04\/Ai-gente-01.png 360w\" sizes=\"auto, (max-width: 480px) 150px\" src=\"https:\/\/titiperu.com\/wp-content\/uploads\/2025\/04\/Ai-gente-01.png\" alt=\"\" class=\"uag-image-140\" width=\"475\" height=\"297\" title=\"Ai gente 01\" loading=\"lazy\" role=\"img\"\/><\/figure><\/div>\n\n\n\n<div class=\"wp-block-uagb-info-box uagb-block-c27f163a uagb-infobox__content-wrap  uagb-infobox-icon-above-title uagb-infobox-image-valign-top\"><div class=\"uagb-ifb-content\"><div class=\"uagb-ifb-title-wrap\"><h5 class=\"uagb-ifb-title\">Amantan\u00ed 2D\/1N \u2013 Vivencial<\/h5><\/div><p class=\"uagb-ifb-desc\">Duerme en casa de una familia local y vive el lago como uno m\u00e1s.<\/p><div class=\"uagb-ifb-button-wrapper wp-block-button\"><a href=\"#\" class=\"uagb-infobox-cta-link wp-block-button__link\" target=\"_self\" rel=\"noopener noreferrer\" onclick=\"return false;\"><span class=\"uagb-inline-editing\">Ver Tour<\/span><svg xmlns=\"https:\/\/www.w3.org\/2000\/svg\" viewbox=\"0 0 512 512\"><path d=\"M504.3 273.6l-112.1 104c-6.992 6.484-17.18 8.218-25.94 4.406c-8.758-3.812-14.42-12.45-14.42-21.1L351.9 288H32C14.33 288 .0002 273.7 .0002 255.1S14.33 224 32 224h319.9l0-72c0-9.547 5.66-18.19 14.42-22c8.754-3.809 18.95-2.075 25.94 4.41l112.1 104C514.6 247.9 514.6 264.1 504.3 273.6z\"><\/path><\/svg><\/a><\/div><\/div><\/div>\n<\/div>\n<\/div>\n\n\n\n<div class=\"wp-block-uagb-container uagb-block-8aba4895\">\n<div class=\"wp-block-uagb-container uagb-block-4c7bade1\">\n<div class=\"wp-block-uagb-image aligncenter uagb-block-b9d6b1d3 wp-block-uagb-image--layout-default wp-block-uagb-image--effect-static wp-block-uagb-image--align-center\"><figure class=\"wp-block-uagb-image__figure\"><img decoding=\"async\" srcset=\"https:\/\/titiperu.com\/wp-content\/uploads\/2025\/04\/Ai-Sillustani-1024x683.png ,https:\/\/titiperu.com\/wp-content\/uploads\/2025\/04\/Ai-Sillustani.png 780w, https:\/\/titiperu.com\/wp-content\/uploads\/2025\/04\/Ai-Sillustani.png 360w\" sizes=\"auto, (max-width: 480px) 150px\" src=\"https:\/\/titiperu.com\/wp-content\/uploads\/2025\/04\/Ai-Sillustani-1024x683.png\" alt=\"\" class=\"uag-image-133\" width=\"475\" height=\"297\" title=\"Ai Sillustani\" loading=\"lazy\" role=\"img\"\/><\/figure><\/div>\n\n\n\n<div class=\"wp-block-uagb-info-box uagb-block-208ea5ad uagb-infobox__content-wrap  uagb-infobox-icon-above-title uagb-infobox-image-valign-top\"><div class=\"uagb-ifb-content\"><div class=\"uagb-ifb-title-wrap\"><h5 class=\"uagb-ifb-title\">Casa Andina + Sillustani<\/h5><\/div><p class=\"uagb-ifb-desc\">Conoce un poco de la vida en los andes, llamas y alpacas y un sitio arqueol\u00f3gico.<\/p><div class=\"uagb-ifb-button-wrapper wp-block-button\"><a href=\"#\" class=\"uagb-infobox-cta-link wp-block-button__link\" target=\"_self\" rel=\"noopener noreferrer\" onclick=\"return false;\"><span class=\"uagb-inline-editing\">Ver Tour<\/span><svg xmlns=\"https:\/\/www.w3.org\/2000\/svg\" viewbox=\"0 0 512 512\"><path d=\"M504.3 273.6l-112.1 104c-6.992 6.484-17.18 8.218-25.94 4.406c-8.758-3.812-14.42-12.45-14.42-21.1L351.9 288H32C14.33 288 .0002 273.7 .0002 255.1S14.33 224 32 224h319.9l0-72c0-9.547 5.66-18.19 14.42-22c8.754-3.809 18.95-2.075 25.94 4.41l112.1 104C514.6 247.9 514.6 264.1 504.3 273.6z\"><\/path><\/svg><\/a><\/div><\/div><\/div>\n<\/div>\n\n\n\n<div class=\"wp-block-uagb-container uagb-block-6b514b0d\">\n<div class=\"wp-block-uagb-image aligncenter uagb-block-822efcb6 wp-block-uagb-image--layout-default wp-block-uagb-image--effect-static wp-block-uagb-image--align-center\"><figure class=\"wp-block-uagb-image__figure\"><img decoding=\"async\" srcset=\"https:\/\/titiperu.com\/wp-content\/uploads\/2025\/04\/Ai-aramu-1024x683.png ,https:\/\/titiperu.com\/wp-content\/uploads\/2025\/04\/Ai-aramu.png 780w, https:\/\/titiperu.com\/wp-content\/uploads\/2025\/04\/Ai-aramu.png 360w\" sizes=\"auto, (max-width: 480px) 150px\" src=\"https:\/\/titiperu.com\/wp-content\/uploads\/2025\/04\/Ai-aramu-1024x683.png\" alt=\"\" class=\"uag-image-135\" width=\"475\" height=\"297\" title=\"Ai aramu\" loading=\"lazy\" role=\"img\"\/><\/figure><\/div>\n\n\n\n<div class=\"wp-block-uagb-info-box uagb-block-1fbef03f uagb-infobox__content-wrap  uagb-infobox-icon-above-title uagb-infobox-image-valign-top\"><div class=\"uagb-ifb-content\"><div class=\"uagb-ifb-title-wrap\"><h5 class=\"uagb-ifb-title\">Ruta Aymara &#8211; Full Day<\/h5><\/div><p class=\"uagb-ifb-desc\">Un viaje por las orillas del Titicaca, agricultura, arquelogog\u00eda, mistisismo y misterio.<\/p><div class=\"uagb-ifb-button-wrapper wp-block-button\"><a href=\"#\" class=\"uagb-infobox-cta-link wp-block-button__link\" target=\"_self\" rel=\"noopener noreferrer\" onclick=\"return false;\"><span class=\"uagb-inline-editing\">Ver Tour<\/span><svg xmlns=\"https:\/\/www.w3.org\/2000\/svg\" viewbox=\"0 0 512 512\"><path d=\"M504.3 273.6l-112.1 104c-6.992 6.484-17.18 8.218-25.94 4.406c-8.758-3.812-14.42-12.45-14.42-21.1L351.9 288H32C14.33 288 .0002 273.7 .0002 255.1S14.33 224 32 224h319.9l0-72c0-9.547 5.66-18.19 14.42-22c8.754-3.809 18.95-2.075 25.94 4.41l112.1 104C514.6 247.9 514.6 264.1 504.3 273.6z\"><\/path><\/svg><\/a><\/div><\/div><\/div>\n<\/div>\n<\/div>\n<\/div><\/div>\n\n\n\n<div class=\"wp-block-uagb-container uagb-block-0127aa57 alignfull uagb-is-root-container\"><div class=\"uagb-container-inner-blocks-wrap\">\n<div class=\"wp-block-uagb-info-box uagb-block-f36d28c7 uagb-infobox__content-wrap  uagb-infobox-icon-above-title uagb-infobox-image-valign-top\"><div class=\"uagb-ifb-content\"><div class=\"uagb-ifb-title-wrap\"><h2 class=\"uagb-ifb-title\">\u00bfPOR QU\u00c9 ELEGIRNOS?<br><\/h2><\/div><div class=\"uagb-ifb-separator\"><\/div><p class=\"uagb-ifb-desc\">\u2714\ufe0f M\u00e1s de 15 a\u00f1os de experiencia<br>\u2714\ufe0f +52000 viajeros felices<br>\u2714\ufe0f Conexi\u00f3n directa con familias isle\u00f1as<br>\u2714\ufe0f Pago f\u00e1cil y asistencia 24\/7<\/p><div class=\"uagb-ifb-button-wrapper wp-block-button\"><a href=\"#\" class=\"uagb-infobox-cta-link wp-block-button__link\" target=\"_self\" rel=\"noopener noreferrer\" onclick=\"return false;\"><span class=\"uagb-inline-editing\">Premios<\/span><svg xmlns=\"https:\/\/www.w3.org\/2000\/svg\" viewbox=\"0 0 448 512\"><path d=\"M438.6 278.6l-160 160C272.4 444.9 264.2 448 256 448s-16.38-3.125-22.62-9.375c-12.5-12.5-12.5-32.75 0-45.25L338.8 288H32C14.33 288 .0016 273.7 .0016 256S14.33 224 32 224h306.8l-105.4-105.4c-12.5-12.5-12.5-32.75 0-45.25s32.75-12.5 45.25 0l160 160C451.1 245.9 451.1 266.1 438.6 278.6z\"><\/path><\/svg><\/a><\/div><\/div><\/div>\n<\/div><\/div>\n\n\n\n<div class=\"wp-block-uagb-container uagb-block-68114d61 alignfull uagb-is-root-container\"><div class=\"uagb-container-inner-blocks-wrap\">\n<div class=\"wp-block-uagb-container uagb-block-3f1399b9\">\n<div class=\"wp-block-uagb-info-box uagb-block-727ca6c6 uagb-infobox__content-wrap  uagb-infobox-icon-above-title uagb-infobox-image-valign-top\"><div class=\"uagb-ifb-content\"><div class=\"uagb-ifb-title-wrap\"><h2 class=\"uagb-ifb-title\">QU\u00c9 HACEMOS<\/h2><\/div><div class=\"uagb-ifb-separator\"><\/div><p class=\"uagb-ifb-desc\">Conoc\u00e9 el Lago Titicaca con gu\u00edas locales y pasi\u00f3n real. Somos una agencia peruana especializada en experiencias culturales y sostenibles en el Lago Titicaca. Cada tour es una puerta abierta a las islas, sus historias, y su gente.<br><br>\u2705 Tours privados y grupales<br>\u2705 Salidas diarias desde Puno<br>\u2705 Itinerarios flexibles<br>\u2705 Gu\u00edas locales certificados.<\/p><div class=\"uagb-ifb-button-wrapper wp-block-button\"><a href=\"#\" class=\"uagb-infobox-cta-link wp-block-button__link\" target=\"_self\" rel=\"noopener noreferrer\" onclick=\"return false;\"><span class=\"uagb-inline-editing\">Saber m\u00e1s<\/span><\/a><\/div><\/div><\/div>\n<\/div>\n\n\n\n<div class=\"wp-block-uagb-container uagb-block-1094613c\">\n<div class=\"wp-block-uagb-image uagb-block-30fcdd8d wp-block-uagb-image--layout-default wp-block-uagb-image--effect-static wp-block-uagb-image--align-none\"><figure class=\"wp-block-uagb-image__figure\"><img decoding=\"async\" srcset=\"https:\/\/titiperu.com\/wp-content\/uploads\/2025\/04\/Ai-kayak-3-1024x683.png ,https:\/\/titiperu.com\/wp-content\/uploads\/2025\/04\/Ai-kayak-3.png 780w, https:\/\/titiperu.com\/wp-content\/uploads\/2025\/04\/Ai-kayak-3.png 360w\" sizes=\"auto, (max-width: 480px) 150px\" src=\"https:\/\/titiperu.com\/wp-content\/uploads\/2025\/04\/Ai-kayak-3-1024x683.png\" alt=\"\" class=\"uag-image-144\" width=\"360\" height=\"225\" title=\"Ai kayak 3\" loading=\"lazy\" role=\"img\"\/><\/figure><\/div>\n\n\n\n<div class=\"wp-block-uagb-image uagb-block-d866eef3 wp-block-uagb-image--layout-default wp-block-uagb-image--effect-static wp-block-uagb-image--align-none\"><figure class=\"wp-block-uagb-image__figure\"><img decoding=\"async\" srcset=\"https:\/\/titiperu.com\/wp-content\/uploads\/2025\/04\/AI-gente-2-1024x683.png ,https:\/\/titiperu.com\/wp-content\/uploads\/2025\/04\/AI-gente-2.png 780w, https:\/\/titiperu.com\/wp-content\/uploads\/2025\/04\/AI-gente-2.png 360w\" sizes=\"auto, (max-width: 480px) 150px\" src=\"https:\/\/titiperu.com\/wp-content\/uploads\/2025\/04\/AI-gente-2-1024x683.png\" alt=\"\" class=\"uag-image-142\" width=\"360\" height=\"367\" title=\"AI gente 2\" loading=\"lazy\" role=\"img\"\/><\/figure><\/div>\n<\/div>\n\n\n\n<div class=\"wp-block-uagb-container uagb-block-774d6300\">\n<div class=\"wp-block-uagb-image uagb-block-2d632a7a wp-block-uagb-image--layout-default wp-block-uagb-image--effect-static wp-block-uagb-image--align-none\"><figure class=\"wp-block-uagb-image__figure\"><img decoding=\"async\" srcset=\"https:\/\/titiperu.com\/wp-content\/uploads\/2025\/04\/Ai-kayak-1-1024x683.png ,https:\/\/titiperu.com\/wp-content\/uploads\/2025\/04\/Ai-kayak-1.png 780w, https:\/\/titiperu.com\/wp-content\/uploads\/2025\/04\/Ai-kayak-1.png 360w\" sizes=\"auto, (max-width: 480px) 150px\" src=\"https:\/\/titiperu.com\/wp-content\/uploads\/2025\/04\/Ai-kayak-1-1024x683.png\" alt=\"\" class=\"uag-image-141\" width=\"360\" height=\"367\" title=\"Ai kayak 1\" loading=\"lazy\" role=\"img\"\/><\/figure><\/div>\n\n\n\n<div class=\"wp-block-uagb-image uagb-block-3f321722 wp-block-uagb-image--layout-default wp-block-uagb-image--effect-static wp-block-uagb-image--align-none\"><figure class=\"wp-block-uagb-image__figure\"><img decoding=\"async\" srcset=\"https:\/\/titiperu.com\/wp-content\/uploads\/2025\/04\/Ai-gente-1024x683.png ,https:\/\/titiperu.com\/wp-content\/uploads\/2025\/04\/Ai-gente.png 780w, https:\/\/titiperu.com\/wp-content\/uploads\/2025\/04\/Ai-gente.png 360w\" sizes=\"auto, (max-width: 480px) 150px\" src=\"https:\/\/titiperu.com\/wp-content\/uploads\/2025\/04\/Ai-gente-1024x683.png\" alt=\"\" class=\"uag-image-139\" width=\"360\" height=\"218\" title=\"Ai gente\" loading=\"lazy\" role=\"img\"\/><\/figure><\/div>\n<\/div>\n<\/div><\/div>","protected":false},"excerpt":{"rendered":"<p>TOURS DESTACADOS<\/p>","protected":false},"author":1,"featured_media":0,"parent":0,"menu_order":0,"comment_status":"closed","ping_status":"closed","template":"","meta":{"_uag_custom_page_level_css":"","site-sidebar-layout":"default","site-content-layout":"","ast-site-content-layout":"","site-content-style":"default","site-sidebar-style":"default","ast-global-header-display":"","ast-banner-title-visibility":"","ast-main-header-display":"","ast-hfb-above-header-display":"","ast-hfb-below-header-display":"","ast-hfb-mobile-header-display":"","site-post-title":"disabled","ast-breadcrumbs-content":"","ast-featured-img":"","footer-sml-layout":"","ast-disable-related-posts":"","theme-transparent-header-meta":"enabled","adv-header-id-meta":"","stick-header-meta":"","header-above-stick-meta":"","header-main-stick-meta":"","header-below-stick-meta":"","astra-migrate-meta-layouts":"default","ast-page-background-enabled":"default","ast-page-background-meta":{"desktop":{"background-color":"var(--ast-global-color-5)","background-image":"","background-repeat":"repeat","background-position":"center center","background-size":"auto","background-attachment":"scroll","background-type":"","background-media":"","overlay-type":"","overlay-color":"","overlay-opacity":"","overlay-gradient":""},"tablet":{"background-color":"","background-image":"","background-repeat":"repeat","background-position":"center center","background-size":"auto","background-attachment":"scroll","background-type":"","background-media":"","overlay-type":"","overlay-color":"","overlay-opacity":"","overlay-gradient":""},"mobile":{"background-color":"","background-image":"","background-repeat":"repeat","background-position":"center center","background-size":"auto","background-attachment":"scroll","background-type":"","background-media":"","overlay-type":"","overlay-color":"","overlay-opacity":"","overlay-gradient":""}},"ast-content-background-meta":{"desktop":{"background-color":"var(--ast-global-color-4)","background-image":"","background-repeat":"repeat","background-position":"center center","background-size":"auto","background-attachment":"scroll","background-type":"","background-media":"","overlay-type":"","overlay-color":"","overlay-opacity":"","overlay-gradient":""},"tablet":{"background-color":"var(--ast-global-color-4)","background-image":"","background-repeat":"repeat","background-position":"center center","background-size":"auto","background-attachment":"scroll","background-type":"","background-media":"","overlay-type":"","overlay-color":"","overlay-opacity":"","overlay-gradient":""},"mobile":{"background-color":"var(--ast-global-color-4)","background-image":"","background-repeat":"repeat","background-position":"center center","background-size":"auto","background-attachment":"scroll","background-type":"","background-media":"","overlay-type":"","overlay-color":"","overlay-opacity":"","overlay-gradient":""}},"footnotes":""},"class_list":["post-19","page","type-page","status-publish","hentry"],"uagb_featured_image_src":{"full":false,"thumbnail":false,"medium":false,"medium_large":false,"large":false,"1536x1536":false,"2048x2048":false,"trp-custom-language-flag":false},"uagb_author_info":{"display_name":"titiperu.com","author_link":"https:\/\/titiperu.com\/en\/author\/titiperu-com\/"},"uagb_comment_info":0,"uagb_excerpt":"TOURS DESTACADOS","_links":{"self":[{"href":"https:\/\/titiperu.com\/en\/wp-json\/wp\/v2\/pages\/19","targetHints":{"allow":["GET"]}}],"collection":[{"href":"https:\/\/titiperu.com\/en\/wp-json\/wp\/v2\/pages"}],"about":[{"href":"https:\/\/titiperu.com\/en\/wp-json\/wp\/v2\/types\/page"}],"author":[{"embeddable":true,"href":"https:\/\/titiperu.com\/en\/wp-json\/wp\/v2\/users\/1"}],"replies":[{"embeddable":true,"href":"https:\/\/titiperu.com\/en\/wp-json\/wp\/v2\/comments?post=19"}],"version-history":[{"count":36,"href":"https:\/\/titiperu.com\/en\/wp-json\/wp\/v2\/pages\/19\/revisions"}],"predecessor-version":[{"id":361,"href":"https:\/\/titiperu.com\/en\/wp-json\/wp\/v2\/pages\/19\/revisions\/361"}],"wp:attachment":[{"href":"https:\/\/titiperu.com\/en\/wp-json\/wp\/v2\/media?parent=19"}],"curies":[{"name":"wp","href":"https:\/\/api.w.org\/{rel}","templated":true}]}}